{"id":5924,"date":"2024-07-12T14:02:27","date_gmt":"2024-07-12T14:02:27","guid":{"rendered":"https:\/\/liftkon.com.tr\/?page_id=5924"},"modified":"2024-12-14T11:52:06","modified_gmt":"2024-12-14T11:52:06","slug":"teklif-al","status":"publish","type":"page","link":"https:\/\/liftkon.com.tr\/en\/get-an-offer\/","title":{"rendered":"Get a Quote"},"content":{"rendered":"<p>[et_pb_section fb_built=&#8221;1&#8243; admin_label=&#8221;Gezer&#8221; module_class=&#8221;sec_overview&#8221; _builder_version=&#8221;4.24.2&#8243; _module_preset=&#8221;default&#8221; background_color=&#8221;#ededed&#8221; custom_margin=&#8221;0px||||false|false&#8221; custom_padding=&#8221;0px||||false|false&#8221; hover_enabled=&#8221;0&#8243; locked=&#8221;off&#8221; global_colors_info=&#8221;{}&#8221; sticky_enabled=&#8221;0&#8243;][et_pb_row _builder_version=&#8221;4.27.2&#8243; _module_preset=&#8221;default&#8221; admin_label=&#8221;Sat\u0131r&#8221;][et_pb_column _builder_version=&#8221;4.27.2&#8243; _module_preset=&#8221;default&#8221; type=&#8221;4_4&#8243;][et_pb_text _builder_version=&#8221;4.27.2&#8243; _module_preset=&#8221;default&#8221; header_font=&#8221;Barlow Condensed|700|||||||&#8221; hover_enabled=&#8221;0&#8243; sticky_enabled=&#8221;0&#8243;]<\/p>\n<h1>Get a Quote<\/h1>\n<p>[\/et_pb_text][\/et_pb_column][\/et_pb_row][et_pb_row column_structure=&#8221;2_3,1_3&#8243; _builder_version=&#8221;4.27.2&#8243; _module_preset=&#8221;default&#8221; custom_margin=&#8221;||||false|false&#8221; custom_padding=&#8221;||||false|false&#8221; hover_enabled=&#8221;0&#8243; global_colors_info=&#8221;{}&#8221; sticky_enabled=&#8221;0&#8243;][et_pb_column type=&#8221;2_3&#8243; _builder_version=&#8221;4.24.2&#8243; _module_preset=&#8221;default&#8221; global_colors_info=&#8221;{}&#8221;][et_pb_contact_form email=&#8221;teklif@liftkon.com.tr&#8221; custom_message=&#8221;Gezer Vin\u00e7 Teklif Al ||et_pb_line_break_holder||||et_pb_line_break_holder||Ton: %%ton%%||et_pb_line_break_holder||||et_pb_line_break_holder||Adet: %%adet%%||et_pb_line_break_holder||||et_pb_line_break_holder||Aks Aral\u0131\u011f\u0131 (S m): %%aks%%||et_pb_line_break_holder||||et_pb_line_break_holder||Hol Boyu (L m): %%hol%%||et_pb_line_break_holder||||et_pb_line_break_holder||Kald\u0131rma Y\u00fcksekligi (H m): %%kaldirma%%||et_pb_line_break_holder||||et_pb_line_break_holder||Ad Soyad: %%ad%%||et_pb_line_break_holder||||et_pb_line_break_holder||Firma Unvan\u0131: %%unvan%%||et_pb_line_break_holder||||et_pb_line_break_holder||Telefon: %%tel%%||et_pb_line_break_holder||||et_pb_line_break_holder||Eposta: %%eposta%%||et_pb_line_break_holder||||et_pb_line_break_holder||\u015eehir: %%eposta%%||et_pb_line_break_holder||||et_pb_line_break_holder||Mesaj: %%mesaj%%&#8221; admin_label=&#8221;\u00ddleti\u00feim Formu&#8221; _builder_version=&#8221;4.24.2&#8243; _module_preset=&#8221;default&#8221; _unique_id=&#8221;e099a964-7ecf-4c7c-ad67-b5dc37b27086&#8243; form_field_background_color=&#8221;#FFFFFF&#8221; form_field_focus_background_color=&#8221;#D6D6D6&#8243; form_field_focus_text_color=&#8221;#000000&#8243; captcha_font=&#8221;|700|||||||&#8221; captcha_text_color=&#8221;#000000&#8243; captcha_font_size=&#8221;16px&#8221; custom_button=&#8221;on&#8221; button_text_size=&#8221;16px&#8221; button_text_color=&#8221;#000000&#8243; button_bg_color=&#8221;gcid-ea952676-48ac-4e7f-af10-1f0bb8c3be18&#8243; button_border_width=&#8221;0px&#8221; button_border_radius=&#8221;0px&#8221; button_font=&#8221;Barlow||||||||&#8221; button_icon_placement=&#8221;left&#8221; box_shadow_style_button=&#8221;preset3&#8243; box_shadow_color_button=&#8221;rgba(0,0,0,0.54)&#8221; global_colors_info=&#8221;{%22gcid-ea952676-48ac-4e7f-af10-1f0bb8c3be18%22:%91%22button_bg_color%22%93}&#8221;][et_pb_contact_field field_id=&#8221;ton&#8221; field_title=&#8221;Tonaj (Ton) :&#8221; allowed_symbols=&#8221;numbers&#8221; fullwidth_field=&#8221;on&#8221; _builder_version=&#8221;4.24.2&#8243; _module_preset=&#8221;default&#8221; global_colors_info=&#8221;{}&#8221;][\/et_pb_contact_field][et_pb_contact_field field_id=&#8221;adet&#8221; field_title=&#8221;Adet:&#8221; allowed_symbols=&#8221;numbers&#8221; fullwidth_field=&#8221;on&#8221; _builder_version=&#8221;4.24.2&#8243; _module_preset=&#8221;default&#8221; global_colors_info=&#8221;{}&#8221;][\/et_pb_contact_field][et_pb_contact_field field_id=&#8221;aks&#8221; field_title=&#8221;Aks Aral\u0131\u011f\u0131 (S m) :&#8221; allowed_symbols=&#8221;numbers&#8221; fullwidth_field=&#8221;on&#8221; _builder_version=&#8221;4.24.2&#8243; _module_preset=&#8221;default&#8221; global_colors_info=&#8221;{}&#8221;][\/et_pb_contact_field][et_pb_contact_field field_id=&#8221;hol&#8221; field_title=&#8221;Hol Boyu (L m) :&#8221; allowed_symbols=&#8221;numbers&#8221; fullwidth_field=&#8221;on&#8221; _builder_version=&#8221;4.24.2&#8243; _module_preset=&#8221;default&#8221; global_colors_info=&#8221;{}&#8221;][\/et_pb_contact_field][et_pb_contact_field field_id=&#8221;kaldirma&#8221; field_title=&#8221;Kald\u0131rma Y\u00fcksekligi (H m) :&#8221; allowed_symbols=&#8221;numbers&#8221; fullwidth_field=&#8221;on&#8221; _builder_version=&#8221;4.24.2&#8243; _module_preset=&#8221;default&#8221; global_colors_info=&#8221;{}&#8221;][\/et_pb_contact_field][et_pb_contact_field field_id=&#8221;ad&#8221; field_title=&#8221;Ad Soyad :&#8221; allowed_symbols=&#8221;letters&#8221; fullwidth_field=&#8221;on&#8221; _builder_version=&#8221;4.24.2&#8243; _module_preset=&#8221;default&#8221; global_colors_info=&#8221;{}&#8221;][\/et_pb_contact_field][et_pb_contact_field field_id=&#8221;unvan&#8221; field_title=&#8221;Firma \u00dcnvan\u0131:&#8221; allowed_symbols=&#8221;letters&#8221; required_mark=&#8221;off&#8221; fullwidth_field=&#8221;on&#8221; _builder_version=&#8221;4.24.2&#8243; _module_preset=&#8221;default&#8221; global_colors_info=&#8221;{}&#8221;][\/et_pb_contact_field][et_pb_contact_field field_id=&#8221;tel&#8221; field_title=&#8221;Telefon:&#8221; allowed_symbols=&#8221;numbers&#8221; required_mark=&#8221;off&#8221; fullwidth_field=&#8221;on&#8221; _builder_version=&#8221;4.24.2&#8243; _module_preset=&#8221;default&#8221; global_colors_info=&#8221;{}&#8221;][\/et_pb_contact_field][et_pb_contact_field field_id=&#8221;eposta&#8221; field_title=&#8221;E-posta:&#8221; field_type=&#8221;email&#8221; fullwidth_field=&#8221;on&#8221; _builder_version=&#8221;4.24.2&#8243; _module_preset=&#8221;default&#8221; global_colors_info=&#8221;{}&#8221;][\/et_pb_contact_field][et_pb_contact_field field_id=&#8221;sehir&#8221; field_title=&#8221;\u015eehir :&#8221; allowed_symbols=&#8221;letters&#8221; required_mark=&#8221;off&#8221; fullwidth_field=&#8221;on&#8221; _builder_version=&#8221;4.24.2&#8243; _module_preset=&#8221;default&#8221; global_colors_info=&#8221;{}&#8221;][\/et_pb_contact_field][et_pb_contact_field field_id=&#8221;mesaj&#8221; field_title=&#8221;Mesaj:&#8221; field_type=&#8221;text&#8221; required_mark=&#8221;off&#8221; fullwidth_field=&#8221;on&#8221; _builder_version=&#8221;4.24.2&#8243; _module_preset=&#8221;default&#8221; global_colors_info=&#8221;{}&#8221;][\/et_pb_contact_field][\/et_pb_contact_form][\/et_pb_column][et_pb_column type=&#8221;1_3&#8243; disabled_on=&#8221;on|on|off&#8221; _builder_version=&#8221;4.24.2&#8243; _module_preset=&#8221;default&#8221; custom_padding=&#8221;||||false|false&#8221; global_colors_info=&#8221;{}&#8221;][et_pb_text _builder_version=&#8221;4.24.2&#8243; _module_preset=&#8221;default&#8221; header_3_font=&#8221;Barlow Condensed|800|||||||&#8221; header_3_font_size=&#8221;24px&#8221; background_color=&#8221;#FFFFFF&#8221; custom_margin=&#8221;||31px||false|false&#8221; custom_padding=&#8221;17px||0px|12px|false|false&#8221; border_radii=&#8221;on|6px|6px|6px|6px&#8221; box_shadow_style=&#8221;preset1&#8243; global_colors_info=&#8221;{}&#8221;]<\/p>\n<h3><span>PRODUCT GROUPS<\/span><\/h3>\n<hr\/>\n<p><span><div id='iksm-5546' class='iksm iksm-5546 iksm-container'  data-id='5546' data-is-pro='0' data-source='menu'><div class='iksm-terms'><div class='iksm-terms-tree iksm-terms-tree--level-1 iksm-terms-tree--parents' style=''><div class=\"iksm-terms-tree__inner\">\n        <div class=\"iksm-term iksm-term--id-5863 iksm-term--parent\" data-id=\"5863\">\n            <div class=\"iksm-term__inner\" tabindex='0'>\n                <a class=\"iksm-term__link\" href='https:\/\/liftkon.com.tr\/en\/product-category\/gantry-crane\/' target='_self' tabindex='-1'>\n\t\t\t\t        <span class=\"iksm-term__text\">Portal Crane<\/span>\n\t\t            <\/a>\n\t\t\t        <\/div>\n\t\t        <\/div>\n\n\t\t\n        <div class=\"iksm-term iksm-term--id-5862 iksm-term--parent\" data-id=\"5862\">\n            <div class=\"iksm-term__inner\" tabindex='0'>\n                <a class=\"iksm-term__link\" href='https:\/\/liftkon.com.tr\/en\/product-category\/products\/' target='_self' tabindex='-1'>\n\t\t\t\t        <span class=\"iksm-term__text\">Products<\/span>\n\t\t            <\/a>\n\t\t\t        <\/div>\n\t\t        <\/div>\n\n\t\t\n        <div class=\"iksm-term iksm-term--id-5858 iksm-term--parent\" data-id=\"5858\">\n            <div class=\"iksm-term__inner\" tabindex='0'>\n                <a class=\"iksm-term__link\" href='https:\/\/liftkon.com.tr\/en\/product-category\/process-crane\/' target='_self' tabindex='-1'>\n\t\t\t\t        <span class=\"iksm-term__text\">Process Crane<\/span>\n\t\t            <\/a>\n\t\t\t        <\/div>\n\t\t        <\/div>\n\n\t\t\n        <div class=\"iksm-term iksm-term--id-5861 iksm-term--parent\" data-id=\"5861\">\n            <div class=\"iksm-term__inner\" tabindex='0'>\n                <a class=\"iksm-term__link\" href='https:\/\/liftkon.com.tr\/en\/product-category\/crane-sets-for-treadmill-group\/' target='_self' tabindex='-1'>\n\t\t\t\t        <span class=\"iksm-term__text\">Travelling Crane Sets<\/span>\n\t\t            <\/a>\n\t\t\t        <\/div>\n\t\t        <\/div>\n\n\t\t\n        <div class=\"iksm-term iksm-term--id-5859 iksm-term--parent\" data-id=\"5859\">\n            <div class=\"iksm-term__inner\" tabindex='0'>\n                <a class=\"iksm-term__link\" href='https:\/\/liftkon.com.tr\/en\/product-category\/lifting-group-crane-sets\/' target='_self' tabindex='-1'>\n\t\t\t\t        <span class=\"iksm-term__text\">Lifting Group Crane Sets<\/span>\n\t\t            <\/a>\n\t\t\t        <\/div>\n\t\t        <\/div>\n\n\t\t\n        <div class=\"iksm-term iksm-term--id-5860 iksm-term--parent\" data-id=\"5860\">\n            <div class=\"iksm-term__inner\" tabindex='0'>\n                <a class=\"iksm-term__link\" href='https:\/\/liftkon.com.tr\/en\/product-category\/crane-equipment\/' target='_self' tabindex='-1'>\n\t\t\t\t        <span class=\"iksm-term__text\">Crane Equipment<\/span>\n\t\t            <\/a>\n\t\t\t        <\/div>\n\t\t        <\/div>\n\n\t\t<\/div><\/div><\/div><div id=\"iksm_data_args\" class=\"data-args\"  data-collapse_children_terms='1' data-collapse_other_terms='1' data-collapse_animation_duration='400' data-expand_animation_duration='400'><\/div><\/div><script id=\"styles-copier-69d5dff428384\">\n\t\t\t\/\/ Finding styles element\n\t        var element = document.getElementById(\"iksm-dynamic-style\");\n\t        if (!element) { \/\/ If no element (Cache plugins can remove tag), then creating a new one\n                element = document.createElement('style');\n                var head = document.getElementsByTagName(\"head\")\n                if (head && head[0]) {\n                \thead[0].appendChild(element);\n                } else {\n                  \tconsole.warn(\"Iks Menu | Error while printing styles. Please contact technical support.\");\n                }\n\t        }\n\t\t\t\/\/ Copying styles to <styles> tag\n\t        element.innerHTML += \".iksm-5546 .iksm-terms{transition:all 400ms;animation:iks-fade-in 1000ms;}.iksm-5546 .iksm-terms-tree--level-1 > * > .iksm-term:not(:last-child){margin-bottom:0;}.iksm-5546 .iksm-term__inner{background-color:rgba(255,255,255,1);min-height:44px;transition:all 400ms;}.iksm-5546 .iksm-term__inner:hover{background-color:rgba(236,236,236,1);}.iksm-5546 .iksm-term--current > .iksm-term__inner{background-color:rgba(212,212,212,1);}.iksm-5546 .iksm-term__link{color:rgba(0,0,0,1);font-size:15px;line-height:15px;font-weight:400;text-decoration:none;padding-top:5px;padding-right:15px;padding-bottom:5px;padding-left:15px;transition:all 400ms;}.iksm-5546 .iksm-term__inner:hover .iksm-term__link{color:rgba(50,50,50,1);}.iksm-5546 .iksm-term__toggle__inner{transition:transform 400ms}.iksm-5546 .iksm-term--expanded > .iksm-term__inner > .iksm-term__toggle > .iksm-term__toggle__inner{transform:rotate(180deg);}.iksm-5546 .iksm-term__toggle{color:rgba(133,133,133,1);font-size:22px;align-self:stretch;height:unset;;width:40px;transition:all 400ms;}.iksm-5546 .iksm-term__toggle:hover{color:rgba(0,0,0,1);}.iksm-5546 .iksm-term__image-container{width:30px;min-width:30px;height:30px;min-height:30px;margin-right:15px;transition:all 400ms;}.iksm-5546 .iksm-term__image{background-size:contain;background-position:center;background-repeat:no-repeat;}.iksm-5546 .iksm-term__image-container:hover{background-size:contain;background-position:center;background-repeat:no-repeat;}.iksm-5546 .iksm-term__inner:hover .iksm-term__image-container{background-size:contain;background-position:center;background-repeat:no-repeat;}.iksm-5546 .iksm-term__inner:focus .iksm-term__image-container{background-size:contain;background-position:center;background-repeat:no-repeat;}.iksm-5546 .iksm-term--current > .iksm-term__inner .iksm-term__image-container{background-size:contain;background-position:center;background-repeat:no-repeat;}.iksm-5546 .iksm-term--child .iksm-term__inner .iksm-term__image-container{background-size:contain;background-position:center;background-repeat:no-repeat;}.iksm-5546 .iksm-term--child .iksm-term__inner .iksm-term__image-container:hover{background-size:contain;background-position:center;background-repeat:no-repeat;}.iksm-5546 .iksm-term--child .iksm-term__inner .iksm-term__image-container:focus{background-size:contain;background-position:center;background-repeat:no-repeat;}.iksm-5546 .iksm-term--child.iksm-term--current > .iksm-term__inner .iksm-term__image-container{background-size:contain;background-position:center;background-repeat:no-repeat;}.iksm-5546  .iksm-term__text{flex: unset}.iksm-5546 .iksm-term__posts-count{color:rgba(133,133,133,1);font-size:16px;margin-left:12px;font-weight:400;transition:all 400ms;}\";\n\t        \/\/ Removing this script\n            var this_script = document.getElementById(\"styles-copier-69d5dff428384\");\n            if (this_script) { \/\/ Cache plugins can remove tag\n\t            this_script.outerHTML = \"\";\n\t            if (this_script.parentNode) {\n\t                this_script.parentNode.removeChild(this_script);\n\t            }\n            }\n        <\/script><\/span>[\/et_pb_text][et_pb_text _builder_version=&#8221;4.24.2&#8243; _module_preset=&#8221;default&#8221; text_font=&#8221;Barlow Condensed|700|||||||&#8221; text_text_color=&#8221;#FFFFFF&#8221; text_font_size=&#8221;34px&#8221; text_line_height=&#8221;1.75em&#8221; header_font_size=&#8221;26px&#8221; header_5_font_size=&#8221;20px&#8221; header_5_letter_spacing=&#8221;2px&#8221; background_color=&#8221;gcid-ea952676-48ac-4e7f-af10-1f0bb8c3be18&#8243; background_enable_pattern_style=&#8221;on&#8221; background_pattern_style=&#8221;diagonal-stripes-2&#8243; background_pattern_color=&#8221;rgba(147,135,0,0.2)&#8221; text_orientation=&#8221;center&#8221; custom_padding=&#8221;30px||27px||false|false&#8221; sticky_limit_bottom=&#8221;section&#8221; text_text_shadow_style=&#8221;preset2&#8243; header_5_text_shadow_style=&#8221;preset3&#8243; header_5_text_shadow_blur_strength=&#8221;0em&#8221; border_radii=&#8221;on|12px|12px|12px|12px&#8221; global_colors_info=&#8221;{%22gcid-ea952676-48ac-4e7f-af10-1f0bb8c3be18%22:%91%22background_color%22%93}&#8221;]<\/p>\n<h5>Contact us and<br \/>the most suitable for your projects<br \/>find crane solutions.<\/h5>\n<p>+90 (332) <strong>342 54 38<\/strong><\/p>\n<p>[\/et_pb_text][\/et_pb_column][\/et_pb_row][\/et_pb_section]<\/p>","protected":false},"excerpt":{"rendered":"<p>Teklif Al\u00dcR\u00dcN GRUPLARI <div id='iksm-5546' class='iksm iksm-5546 iksm-container'  data-id='5546' data-is-pro='0' data-source='menu'><div class='iksm-terms'><div class='iksm-terms-tree iksm-terms-tree--level-1 iksm-terms-tree--parents' style=''><div class=\"iksm-terms-tree__inner\">\n        <div class=\"iksm-term iksm-term--id-5863 iksm-term--parent\" data-id=\"5863\">\n            <div class=\"iksm-term__inner\" tabindex='0'>\n                <a class=\"iksm-term__link\" href='https:\/\/liftkon.com.tr\/en\/product-category\/gantry-crane\/' target='_self' tabindex='-1'>\n\t\t\t\t        <span class=\"iksm-term__text\">Portal Crane<\/span>\n\t\t            <\/a>\n\t\t\t        <\/div>\n\t\t        <\/div>\n\n\t\t\n        <div class=\"iksm-term iksm-term--id-5862 iksm-term--parent\" data-id=\"5862\">\n            <div class=\"iksm-term__inner\" tabindex='0'>\n                <a class=\"iksm-term__link\" href='https:\/\/liftkon.com.tr\/en\/product-category\/products\/' target='_self' tabindex='-1'>\n\t\t\t\t        <span class=\"iksm-term__text\">Products<\/span>\n\t\t            <\/a>\n\t\t\t        <\/div>\n\t\t        <\/div>\n\n\t\t\n        <div class=\"iksm-term iksm-term--id-5858 iksm-term--parent\" data-id=\"5858\">\n            <div class=\"iksm-term__inner\" tabindex='0'>\n                <a class=\"iksm-term__link\" href='https:\/\/liftkon.com.tr\/en\/product-category\/process-crane\/' target='_self' tabindex='-1'>\n\t\t\t\t        <span class=\"iksm-term__text\">Process Crane<\/span>\n\t\t            <\/a>\n\t\t\t        <\/div>\n\t\t        <\/div>\n\n\t\t\n        <div class=\"iksm-term iksm-term--id-5861 iksm-term--parent\" data-id=\"5861\">\n            <div class=\"iksm-term__inner\" tabindex='0'>\n                <a class=\"iksm-term__link\" href='https:\/\/liftkon.com.tr\/en\/product-category\/crane-sets-for-treadmill-group\/' target='_self' tabindex='-1'>\n\t\t\t\t        <span class=\"iksm-term__text\">Travelling Crane Sets<\/span>\n\t\t            <\/a>\n\t\t\t        <\/div>\n\t\t        <\/div>\n\n\t\t\n        <div class=\"iksm-term iksm-term--id-5859 iksm-term--parent\" data-id=\"5859\">\n            <div class=\"iksm-term__inner\" tabindex='0'>\n                <a class=\"iksm-term__link\" href='https:\/\/liftkon.com.tr\/en\/product-category\/lifting-group-crane-sets\/' target='_self' tabindex='-1'>\n\t\t\t\t        <span class=\"iksm-term__text\">Lifting Group Crane Sets<\/span>\n\t\t            <\/a>\n\t\t\t        <\/div>\n\t\t        <\/div>\n\n\t\t\n        <div class=\"iksm-term iksm-term--id-5860 iksm-term--parent\" data-id=\"5860\">\n            <div class=\"iksm-term__inner\" tabindex='0'>\n                <a class=\"iksm-term__link\" href='https:\/\/liftkon.com.tr\/en\/product-category\/crane-equipment\/' target='_self' tabindex='-1'>\n\t\t\t\t        <span class=\"iksm-term__text\">Crane Equipment<\/span>\n\t\t            <\/a>\n\t\t\t        <\/div>\n\t\t        <\/div>\n\n\t\t<\/div><\/div><\/div><div id=\"iksm_data_args\" class=\"data-args\"  data-collapse_children_terms='1' data-collapse_other_terms='1' data-collapse_animation_duration='400' data-expand_animation_duration='400'><\/div><\/div><script id=\"styles-copier-69d5dff48e33c\">\n\t\t\t\/\/ Finding styles element\n\t        var element = document.getElementById(\"iksm-dynamic-style\");\n\t        if (!element) { \/\/ If no element (Cache plugins can remove tag), then creating a new one\n                element = document.createElement('style');\n                var head = document.getElementsByTagName(\"head\")\n                if (head && head[0]) {\n                \thead[0].appendChild(element);\n                } else {\n                  \tconsole.warn(\"Iks Menu | Error while printing styles. Please contact technical support.\");\n                }\n\t        }\n\t\t\t\/\/ Copying styles to <styles> tag\n\t        element.innerHTML += \".iksm-5546 .iksm-terms{transition:all 400ms;animation:iks-fade-in 1000ms;}.iksm-5546 .iksm-terms-tree--level-1 > * > .iksm-term:not(:last-child){margin-bottom:0;}.iksm-5546 .iksm-term__inner{background-color:rgba(255,255,255,1);min-height:44px;transition:all 400ms;}.iksm-5546 .iksm-term__inner:hover{background-color:rgba(236,236,236,1);}.iksm-5546 .iksm-term--current > .iksm-term__inner{background-color:rgba(212,212,212,1);}.iksm-5546 .iksm-term__link{color:rgba(0,0,0,1);font-size:15px;line-height:15px;font-weight:400;text-decoration:none;padding-top:5px;padding-right:15px;padding-bottom:5px;padding-left:15px;transition:all 400ms;}.iksm-5546 .iksm-term__inner:hover .iksm-term__link{color:rgba(50,50,50,1);}.iksm-5546 .iksm-term__toggle__inner{transition:transform 400ms}.iksm-5546 .iksm-term--expanded > .iksm-term__inner > .iksm-term__toggle > .iksm-term__toggle__inner{transform:rotate(180deg);}.iksm-5546 .iksm-term__toggle{color:rgba(133,133,133,1);font-size:22px;align-self:stretch;height:unset;;width:40px;transition:all 400ms;}.iksm-5546 .iksm-term__toggle:hover{color:rgba(0,0,0,1);}.iksm-5546 .iksm-term__image-container{width:30px;min-width:30px;height:30px;min-height:30px;margin-right:15px;transition:all 400ms;}.iksm-5546 .iksm-term__image{background-size:contain;background-position:center;background-repeat:no-repeat;}.iksm-5546 .iksm-term__image-container:hover{background-size:contain;background-position:center;background-repeat:no-repeat;}.iksm-5546 .iksm-term__inner:hover .iksm-term__image-container{background-size:contain;background-position:center;background-repeat:no-repeat;}.iksm-5546 .iksm-term__inner:focus .iksm-term__image-container{background-size:contain;background-position:center;background-repeat:no-repeat;}.iksm-5546 .iksm-term--current > .iksm-term__inner .iksm-term__image-container{background-size:contain;background-position:center;background-repeat:no-repeat;}.iksm-5546 .iksm-term--child .iksm-term__inner .iksm-term__image-container{background-size:contain;background-position:center;background-repeat:no-repeat;}.iksm-5546 .iksm-term--child .iksm-term__inner .iksm-term__image-container:hover{background-size:contain;background-position:center;background-repeat:no-repeat;}.iksm-5546 .iksm-term--child .iksm-term__inner .iksm-term__image-container:focus{background-size:contain;background-position:center;background-repeat:no-repeat;}.iksm-5546 .iksm-term--child.iksm-term--current > .iksm-term__inner .iksm-term__image-container{background-size:contain;background-position:center;background-repeat:no-repeat;}.iksm-5546  .iksm-term__text{flex: unset}.iksm-5546 .iksm-term__posts-count{color:rgba(133,133,133,1);font-size:16px;margin-left:12px;font-weight:400;transition:all 400ms;}\";\n\t        \/\/ Removing this script\n            var this_script = document.getElementById(\"styles-copier-69d5dff48e33c\");\n            if (this_script) { \/\/ Cache plugins can remove tag\n\t            this_script.outerHTML = \"\";\n\t            if (this_script.parentNode) {\n\t                this_script.parentNode.removeChild(this_script);\n\t            }\n            }\n        <\/script>Bizimle ileti\u015fime ge\u00e7in veprojeleriniz i\u00e7in en uygunvin\u00e7 \u00e7\u00f6z\u00fcmlerini bulun. +90 (332) 342 54 38<\/p>","protected":false},"author":1,"featured_media":0,"parent":0,"menu_order":0,"comment_status":"closed","ping_status":"closed","template":"","meta":{"_et_pb_use_builder":"on","_et_pb_old_content":"<!-- wp:divi\/placeholder \/-->","_et_gb_content_width":"","footnotes":""},"class_list":["post-5924","page","type-page","status-publish","hentry"],"_links":{"self":[{"href":"https:\/\/liftkon.com.tr\/en\/wp-json\/wp\/v2\/pages\/5924","targetHints":{"allow":["GET"]}}],"collection":[{"href":"https:\/\/liftkon.com.tr\/en\/wp-json\/wp\/v2\/pages"}],"about":[{"href":"https:\/\/liftkon.com.tr\/en\/wp-json\/wp\/v2\/types\/page"}],"author":[{"embeddable":true,"href":"https:\/\/liftkon.com.tr\/en\/wp-json\/wp\/v2\/users\/1"}],"replies":[{"embeddable":true,"href":"https:\/\/liftkon.com.tr\/en\/wp-json\/wp\/v2\/comments?post=5924"}],"version-history":[{"count":39,"href":"https:\/\/liftkon.com.tr\/en\/wp-json\/wp\/v2\/pages\/5924\/revisions"}],"predecessor-version":[{"id":6206,"href":"https:\/\/liftkon.com.tr\/en\/wp-json\/wp\/v2\/pages\/5924\/revisions\/6206"}],"wp:attachment":[{"href":"https:\/\/liftkon.com.tr\/en\/wp-json\/wp\/v2\/media?parent=5924"}],"curies":[{"name":"wp","href":"https:\/\/api.w.org\/{rel}","templated":true}]}}