{"id":5445,"date":"2024-06-06T13:56:17","date_gmt":"2024-06-06T13:56:17","guid":{"rendered":"https:\/\/liftkon.com.tr\/?page_id=5445"},"modified":"2024-06-08T10:08:54","modified_gmt":"2024-06-08T10:08:54","slug":"under-construction","status":"publish","type":"page","link":"https:\/\/liftkon.com.tr\/en\/under-construction\/","title":{"rendered":"under construction"},"content":{"rendered":"<p>[et_pb_section fb_built=&#8221;1&#8243; _builder_version=&#8221;4.24.2&#8243; _module_preset=&#8221;default&#8221; use_background_color_gradient=&#8221;on&#8221; background_color_gradient_stops=&#8221;rgba(68,68,68,0.35) 0%|#e09900 100%&#8221; background_color_gradient_overlays_image=&#8221;on&#8221; background_image=&#8221;https:\/\/liftkon.com.tr\/wp-content\/uploads\/2024\/03\/1733.webp&#8221; global_colors_info=&#8221;{}&#8221;][et_pb_row _builder_version=&#8221;4.24.2&#8243; _module_preset=&#8221;default&#8221; min_height=&#8221;100vh&#8221; global_colors_info=&#8221;{}&#8221;][et_pb_column type=&#8221;4_4&#8243; admin_label=&#8221;Kolon&#8221; _builder_version=&#8221;4.24.2&#8243; _module_preset=&#8221;default&#8221; global_colors_info=&#8221;{}&#8221;][et_pb_image src=&#8221;https:\/\/liftkon.com.tr\/wp-content\/uploads\/2024\/03\/Logo-dark.webp&#8221; title_text=&#8221;1733&#8243; align=&#8221;center&#8221; _builder_version=&#8221;4.24.2&#8243; _module_preset=&#8221;default&#8221; background_enable_image=&#8221;off&#8221; global_colors_info=&#8221;{}&#8221;][\/et_pb_image][et_pb_text _builder_version=&#8221;4.24.2&#8243; text_font=&#8221;||||||||&#8221; text_text_color=&#8221;#FFFFFF&#8221; text_font_size=&#8221;33px&#8221; text_letter_spacing=&#8221;4px&#8221; text_line_height=&#8221;1.9em&#8221; link_font=&#8221;||||||||&#8221; link_text_color=&#8221;gcid-ea952676-48ac-4e7f-af10-1f0bb8c3be18&#8243; header_font=&#8221;Montserrat|600||on|||||&#8221; header_text_color=&#8221;#FFFFFF&#8221; header_font_size=&#8221;12px&#8221; header_letter_spacing=&#8221;1px&#8221; header_line_height=&#8221;1.8em&#8221; header_2_font=&#8221;Montserrat|600||on|||||&#8221; header_2_font_size=&#8221;12px&#8221; header_2_letter_spacing=&#8221;1px&#8221; header_2_line_height=&#8221;1.8em&#8221; header_3_font=&#8221;Montserrat|600||on|||||&#8221; header_3_font_size=&#8221;27px&#8221; header_3_letter_spacing=&#8221;1px&#8221; header_3_line_height=&#8221;1.8em&#8221; header_4_font=&#8221;Montserrat|600||on|||||&#8221; header_4_font_size=&#8221;12px&#8221; header_4_letter_spacing=&#8221;1px&#8221; header_4_line_height=&#8221;1.8em&#8221; header_5_font=&#8221;Montserrat|600||on|||||&#8221; header_5_font_size=&#8221;12px&#8221; header_5_letter_spacing=&#8221;1px&#8221; header_5_line_height=&#8221;1.8em&#8221; header_6_font=&#8221;Montserrat|600||on|||||&#8221; header_6_font_size=&#8221;12px&#8221; header_6_letter_spacing=&#8221;1px&#8221; header_6_line_height=&#8221;1.8em&#8221; locked=&#8221;off&#8221; global_colors_info=&#8221;{%22gcid-ea952676-48ac-4e7f-af10-1f0bb8c3be18%22:%91%22link_text_color%22%93}&#8221;]<\/p>\n<h3 style=\"text-align: center;\"><span style=\"color: #ffffff;\">Fevzi \u00c7akmak Mahallesi B\u00fcsan O.S.B. 10646 no. Sok. No: 6 - 8, 42050 Karatay\/Konya<\/span><\/h3>\n<h3 style=\"text-align: center;\"><a href=\"mailto:info@liftkon.com.tr\">info@liftkon.com.tr<\/a><\/h3>\n<h3 style=\"text-align: center;\"><span style=\"color: #ffffff;\"><strong>+90 (332) 342 54 38<\/strong><\/span><\/h3>\n<p style=\"text-align: center;\"><span style=\"color: #edf000;\">Under Construction<\/span><\/p>\n<p>&nbsp;<\/p>\n<p>[\/et_pb_text][\/et_pb_column][\/et_pb_row][\/et_pb_section]<\/p>","protected":false},"excerpt":{"rendered":"<p>Fevzi \u00c7akmak Mahallesi B\u00fcsan O.S.B. 10646 nolu Sok. No: 6 &#8211; 8, 42050 Karatay\/Konya info@liftkon.com.tr +90 (332) 342 54 38 Yap\u0131m A\u015famas\u0131nda &nbsp;<\/p>","protected":false},"author":1,"featured_media":0,"parent":0,"menu_order":0,"comment_status":"closed","ping_status":"closed","template":"","meta":{"_et_pb_use_builder":"on","_et_pb_old_content":"","_et_gb_content_width":"","footnotes":""},"class_list":["post-5445","page","type-page","status-publish","hentry"],"_links":{"self":[{"href":"https:\/\/liftkon.com.tr\/en\/wp-json\/wp\/v2\/pages\/5445","targetHints":{"allow":["GET"]}}],"collection":[{"href":"https:\/\/liftkon.com.tr\/en\/wp-json\/wp\/v2\/pages"}],"about":[{"href":"https:\/\/liftkon.com.tr\/en\/wp-json\/wp\/v2\/types\/page"}],"author":[{"embeddable":true,"href":"https:\/\/liftkon.com.tr\/en\/wp-json\/wp\/v2\/users\/1"}],"replies":[{"embeddable":true,"href":"https:\/\/liftkon.com.tr\/en\/wp-json\/wp\/v2\/comments?post=5445"}],"version-history":[{"count":5,"href":"https:\/\/liftkon.com.tr\/en\/wp-json\/wp\/v2\/pages\/5445\/revisions"}],"predecessor-version":[{"id":5463,"href":"https:\/\/liftkon.com.tr\/en\/wp-json\/wp\/v2\/pages\/5445\/revisions\/5463"}],"wp:attachment":[{"href":"https:\/\/liftkon.com.tr\/en\/wp-json\/wp\/v2\/media?parent=5445"}],"curies":[{"name":"wp","href":"https:\/\/api.w.org\/{rel}","templated":true}]}}