{"id":23,"date":"2024-03-06T13:51:47","date_gmt":"2024-03-06T13:51:47","guid":{"rendered":"https:\/\/liftkon.com.tr\/?page_id=23"},"modified":"2025-11-11T09:24:12","modified_gmt":"2025-11-11T09:24:12","slug":"liftkon-tavan-vincleri-gezer-vincler-vinc-sistemleri","status":"publish","type":"page","link":"https:\/\/liftkon.com.tr\/en\/","title":{"rendered":"Home"},"content":{"rendered":"<p>[et_pb_section fb_built=&#8221;1&#8243; _builder_version=&#8221;4.24.2&#8243; _module_preset=&#8221;default&#8221; custom_margin=&#8221;0px||0px||true|false&#8221; custom_padding=&#8221;0px||0px||true|false&#8221; global_colors_info=&#8221;{}&#8221;][et_pb_row _builder_version=&#8221;4.24.2&#8243; _module_preset=&#8221;default&#8221; custom_margin=&#8221;0px||0px||true|false&#8221; custom_padding=&#8221;0px||0px||true|false&#8221; global_colors_info=&#8221;{}&#8221;][et_pb_column type=&#8221;4_4&#8243; _builder_version=&#8221;4.24.2&#8243; _module_preset=&#8221;default&#8221; global_colors_info=&#8221;{}&#8221;][et_pb_nextend_smart_slider_3 slider=&#8221;2&#8243; _builder_version=&#8221;4.24.2&#8243; _module_preset=&#8221;default&#8221; global_colors_info=&#8221;{}&#8221;][\/et_pb_nextend_smart_slider_3][\/et_pb_column][\/et_pb_row][\/et_pb_section][et_pb_section fb_built=&#8221;1&#8243; specialty=&#8221;on&#8221; padding_top_bottom_link_1=&#8221;true&#8221; padding_top_bottom_link_2=&#8221;true&#8221; padding_left_right_link_1=&#8221;true&#8221; padding_left_right_link_2=&#8221;true&#8221; custom_css_main_1=&#8221;backdrop-filter: blur(10px);||padding: 20px;&#8221; _builder_version=&#8221;4.24.2&#8243; _module_preset=&#8221;default&#8221; background_color=&#8221;gcid-ea952676-48ac-4e7f-af10-1f0bb8c3be18&#8243; use_background_color_gradient=&#8221;on&#8221; background_color_gradient_stops=&#8221;rgba(10,0,0,0.33) 2%|rgba(0,0,0,0.26) 36%&#8221; background_color_gradient_overlays_image=&#8221;on&#8221; background_image=&#8221;https:\/\/liftkon.com.tr\/wp-content\/uploads\/2024\/03\/1-1-scaled.webp&#8221; background_blend=&#8221;screen&#8221; custom_margin=&#8221;|||||true&#8221; custom_padding=&#8221;||||true|true&#8221; global_colors_info=&#8221;{%22gcid-ea952676-48ac-4e7f-af10-1f0bb8c3be18%22:%91%22background_color%22%93}&#8221;][et_pb_column type=&#8221;1_3&#8243; _builder_version=&#8221;4.16&#8243; custom_padding=&#8221;|||&#8221; global_colors_info=&#8221;{}&#8221; custom_padding__hover=&#8221;|||&#8221;][et_pb_text _builder_version=&#8221;4.24.2&#8243; _module_preset=&#8221;default&#8221; text_text_color=&#8221;#000000&#8243; text_font_size=&#8221;16px&#8221; header_font=&#8221;Barlow Condensed|800|||||||&#8221; header_text_align=&#8221;center&#8221; header_font_size=&#8221;43px&#8221; header_2_font=&#8221;Barlow Condensed||||||||&#8221; header_2_text_color=&#8221;#FFFFFF&#8221; header_2_font_size=&#8221;30px&#8221; text_orientation=&#8221;center&#8221; global_colors_info=&#8221;{}&#8221;]<\/p>\n<h1>Overhead Crane, Overhead Crane, Gantry Crane, Jib Crane<\/h1>\n<h2>Manufacture of reliable overhead cranes, overhead cranes, gantry cranes and jib cranes that increase the efficiency of your business<\/h2>\n<p>Liftkon increases the load carrying capacity of your business with high quality overhead crane and overhead traveling crane solutions. Choose us for reliable crane systems and after-sales support.<\/p>\n<p>&nbsp;<\/p>\n<p>[\/et_pb_text][\/et_pb_column][et_pb_column type=&#8221;2_3&#8243; specialty_columns=&#8221;2&#8243; _builder_version=&#8221;4.16&#8243; custom_padding=&#8221;|||&#8221; global_colors_info=&#8221;{}&#8221; custom_padding__hover=&#8221;|||&#8221;][et_pb_row_inner column_structure=&#8221;1_2,1_2&#8243; use_custom_gutter=&#8221;on&#8221; gutter_width=&#8221;2&#8243; _builder_version=&#8221;4.24.2&#8243; _module_preset=&#8221;default&#8221; custom_margin=&#8221;||||true|true&#8221; custom_padding=&#8221;||||true|true&#8221; hover_enabled=&#8221;0&#8243; global_colors_info=&#8221;{}&#8221; sticky_enabled=&#8221;0&#8243;][et_pb_column_inner type=&#8221;1_2&#8243; saved_specialty_column_type=&#8221;2_3&#8243; admin_label=&#8221;Kolon&#8221; _builder_version=&#8221;4.27.2&#8243; _module_preset=&#8221;default&#8221; background_color=&#8221;#FFFFFF&#8221; custom_padding=&#8221;16px|16px|16px|16px|true|true&#8221; hover_enabled=&#8221;0&#8243; border_color_all=&#8221;#FFFFFF&#8221; box_shadow_style=&#8221;preset3&#8243; global_colors_info=&#8221;{%22gcid-ea952676-48ac-4e7f-af10-1f0bb8c3be18%22:%91%22background_color%22%93}&#8221; sticky_enabled=&#8221;0&#8243; link_option_url=&#8221;https:\/\/liftkon.com.tr\/urun-kategori\/urunler\/&#8221;][et_pb_blurb title=&#8221;G\u00fcvenilir ve Dayan\u0131kl\u0131 Tavan Vin\u00e7leri: \u0130htiyac\u0131n\u0131za Uygun \u00c7\u00f6z\u00fcmler&#8221; image=&#8221;https:\/\/liftkon.com.tr\/wp-content\/uploads\/2024\/03\/gezer-vinc-scaled.jpg&#8221; _builder_version=&#8221;4.27.2&#8243; _module_preset=&#8221;default&#8221; header_level=&#8221;h3&#8243; header_font=&#8221;Barlow Condensed||||||||&#8221; header_font_size=&#8221;31px&#8221; body_font=&#8221;||||||||&#8221; link_option_url=&#8221;https:\/\/liftkon.com.tr\/urun-kategori\/gezer-vincler\/&#8221; hover_enabled=&#8221;0&#8243; global_colors_info=&#8221;{}&#8221; sticky_enabled=&#8221;0&#8243;]<\/p>\n<p>Durable and high-performance, designed for your industrial lifting needs <strong>overhead cranes<\/strong>increases the efficiency of your business. We offer secure and powerful solutions.<\/p>\n<p>[\/et_pb_blurb][\/et_pb_column_inner][et_pb_column_inner type=&#8221;1_2&#8243; saved_specialty_column_type=&#8221;2_3&#8243; admin_label=&#8221;Kolon&#8221; _builder_version=&#8221;4.27.2&#8243; _module_preset=&#8221;default&#8221; background_color=&#8221;#FFFFFF&#8221; custom_padding=&#8221;16px|16px|16px|16px|true|true&#8221; hover_enabled=&#8221;0&#8243; border_color_all=&#8221;#FFFFFF&#8221; box_shadow_style=&#8221;preset3&#8243; global_colors_info=&#8221;{%22gcid-ea952676-48ac-4e7f-af10-1f0bb8c3be18%22:%91%22background_color%22%93}&#8221; sticky_enabled=&#8221;0&#8243; link_option_url=&#8221;https:\/\/liftkon.com.tr\/urun-kategori\/portal-vinc\/&#8221;][et_pb_blurb title=&#8221;Dayan\u0131kl\u0131 ve Verimli Portal Vin\u00e7ler: A\u011f\u0131r Y\u00fckler \u0130\u00e7in \u0130deal \u00c7\u00f6z\u00fcmler&#8221; image=&#8221;https:\/\/liftkon.com.tr\/wp-content\/uploads\/2024\/03\/gezer-vinc-scaled.webp&#8221; _builder_version=&#8221;4.24.2&#8243; _module_preset=&#8221;default&#8221; header_level=&#8221;h3&#8243; header_font=&#8221;Barlow Condensed||||||||&#8221; header_font_size=&#8221;31px&#8221; link_option_url=&#8221;https:\/\/liftkon.com.tr\/urun-kategori\/portal-vincler\/&#8221; global_colors_info=&#8221;{}&#8221;]<\/p>\n<p>Ensuring safe transportation of heavy loads <strong>gantry cranes for large areas<\/strong> powerful and flexible solutions. Ideal for increasing the efficiency of your business.<\/p>\n<p>[\/et_pb_blurb][\/et_pb_column_inner][\/et_pb_row_inner][et_pb_row_inner column_structure=&#8221;1_2,1_2&#8243; use_custom_gutter=&#8221;on&#8221; gutter_width=&#8221;2&#8243; _builder_version=&#8221;4.24.2&#8243; _module_preset=&#8221;default&#8221; custom_margin=&#8221;0px||||false|true&#8221; custom_padding=&#8221;0px||0px||true|true&#8221; hover_enabled=&#8221;0&#8243; global_colors_info=&#8221;{}&#8221; sticky_enabled=&#8221;0&#8243;][et_pb_column_inner type=&#8221;1_2&#8243; saved_specialty_column_type=&#8221;2_3&#8243; admin_label=&#8221;Kolon&#8221; _builder_version=&#8221;4.27.2&#8243; _module_preset=&#8221;default&#8221; background_color=&#8221;#FFFFFF&#8221; custom_padding=&#8221;16px|16px|16px|16px|true|true&#8221; hover_enabled=&#8221;0&#8243; border_color_all=&#8221;#FFFFFF&#8221; box_shadow_style=&#8221;preset3&#8243; global_colors_info=&#8221;{%22gcid-ea952676-48ac-4e7f-af10-1f0bb8c3be18%22:%91%22background_color%22%93}&#8221; sticky_enabled=&#8221;0&#8243; link_option_url=&#8221;https:\/\/liftkon.com.tr\/urun-kategori\/proses-vinc\/&#8221;][et_pb_blurb title=&#8221;Y\u00fcksek Performansl\u0131 Proses Vin\u00e7ler: End\u00fcstriyel Operasyonlar \u0130\u00e7in G\u00fcvenilir \u00c7\u00f6z\u00fcmler&#8221; image=&#8221;https:\/\/liftkon.com.tr\/wp-content\/uploads\/2024\/03\/proses-scaled.webp&#8221; _builder_version=&#8221;4.24.2&#8243; _module_preset=&#8221;default&#8221; header_level=&#8221;h3&#8243; header_font=&#8221;Barlow Condensed||||||||&#8221; header_font_size=&#8221;31px&#8221; link_option_url=&#8221;https:\/\/liftkon.com.tr\/urun-kategori\/proses-vincler\/&#8221; global_colors_info=&#8221;{}&#8221;]<\/p>\n<p>Ensuring precision and efficiency in your industrial processes <strong>process cranes<\/strong>offers solutions tailored to your specific production needs. Optimize your business processes with reliable and powerful performance.<\/p>\n<p>[\/et_pb_blurb][\/et_pb_column_inner][et_pb_column_inner type=&#8221;1_2&#8243; saved_specialty_column_type=&#8221;2_3&#8243; admin_label=&#8221;Kolon&#8221; _builder_version=&#8221;4.27.2&#8243; _module_preset=&#8221;default&#8221; background_color=&#8221;#FFFFFF&#8221; custom_padding=&#8221;16px|16px|16px|16px|true|true&#8221; hover_enabled=&#8221;0&#8243; border_color_all=&#8221;#FFFFFF&#8221; box_shadow_style=&#8221;preset3&#8243; global_colors_info=&#8221;{%22gcid-ea952676-48ac-4e7f-af10-1f0bb8c3be18%22:%91%22background_color%22%93}&#8221; sticky_enabled=&#8221;0&#8243;][et_pb_blurb title=&#8221;G\u00fc\u00e7l\u00fc ve Dayan\u0131kl\u0131 Vin\u00e7 Arabalar\u0131: Hassas Y\u00fck Ta\u015f\u0131ma \u00c7\u00f6z\u00fcmleri&#8221; image=&#8221;https:\/\/liftkon.com.tr\/wp-content\/uploads\/2024\/07\/Setler1-scaled-1.webp&#8221; _builder_version=&#8221;4.24.2&#8243; _module_preset=&#8221;default&#8221; header_level=&#8221;h3&#8243; header_font=&#8221;Barlow Condensed||||||||&#8221; header_font_size=&#8221;31px&#8221; background_color=&#8221;RGBA(255,255,255,0)&#8221; link_option_url=&#8221;https:\/\/liftkon.com.tr\/urun-kategori\/kaldirma-gruplari\/&#8221; global_colors_info=&#8221;{}&#8221;]<\/p>\n<p><strong>Overhead crane trolleys<\/strong><span>,\u00a0<\/span><strong class=\"text-primary\">gezer gantry cranes<\/strong><span>\u00a0or\u00a0<\/span><strong class=\"text-primary\">gantry cranes<\/strong><span> lifting and handling equipment Powerful crane trolleys, designed to meet your sensitive load handling needs, provide long-lasting use with their durable construction.<\/span><\/p>\n<p>[\/et_pb_blurb][\/et_pb_column_inner][\/et_pb_row_inner][\/et_pb_column][\/et_pb_section][et_pb_section fb_built=&#8221;1&#8243; admin_label=&#8221;B\u00f6l\u00fcm&#8221; module_id=&#8221;dc-carousel&#8221; _builder_version=&#8221;4.24.2&#8243; _module_preset=&#8221;default&#8221; background_color=&#8221;#424242&#8243; global_colors_info=&#8221;{}&#8221;][et_pb_row _builder_version=&#8221;4.24.2&#8243; _module_preset=&#8221;default&#8221; global_colors_info=&#8221;{}&#8221;][et_pb_column type=&#8221;4_4&#8243; _builder_version=&#8221;4.24.2&#8243; _module_preset=&#8221;default&#8221; global_colors_info=&#8221;{}&#8221;][et_pb_text _builder_version=&#8221;4.24.2&#8243; _module_preset=&#8221;default&#8221; text_text_color=&#8221;#D6D6D6&#8243; text_font_size=&#8221;16px&#8221; header_font=&#8221;Barlow Condensed|800|||||||&#8221; header_text_align=&#8221;center&#8221; header_text_color=&#8221;gcid-ea952676-48ac-4e7f-af10-1f0bb8c3be18&#8243; header_font_size=&#8221;43px&#8221; header_2_font=&#8221;Barlow Condensed|800|||||||&#8221; header_2_text_align=&#8221;center&#8221; header_2_text_color=&#8221;gcid-ea952676-48ac-4e7f-af10-1f0bb8c3be18&#8243; header_2_font_size=&#8221;43px&#8221; header_4_font=&#8221;|800||on|||||&#8221; header_4_text_color=&#8221;#d3a500&#8243; header_4_font_size=&#8221;32px&#8221; text_orientation=&#8221;center&#8221; header_font_size_last_edited=&#8221;off|desktop&#8221; global_colors_info=&#8221;{%22gcid-ea952676-48ac-4e7f-af10-1f0bb8c3be18%22:%91%22header_text_color%22,%22header_2_text_color%22%93}&#8221;]<\/p>\n<h4>Meet our successes<\/h4>\n<p><strong>Overhead Crane, Gantry Crane and Overhead Travelling Crane:<\/strong> Industrial Freight Transportation Solutions<br \/>Industrial load handling solutions are critical to increase the productivity of businesses. Among these solutions, systems such as overhead cranes, gantry cranes and overhead traveling cranes ensure the safe transportation of heavy loads. Each type of crane stands out with different application areas and features.<\/p>\n<p><strong>Ceiling Crane<\/strong> High Capacity and Safety<br \/>Overhead crane is a type of crane frequently used in factories and warehouse areas. Their high capacity allows heavy loads to be transported quickly and safely. Overhead cranes usually move on rails mounted on the superstructure, allowing efficient use of space. In addition, overhead cranes are suitable for versatile use thanks to their wide range of movement.<\/p>\n<p><strong>Gantry Crane<\/strong> Flexible and Durable Solutions<br \/>The gantry crane has a fixed structure and offers load carrying capacity in large areas. This type of crane is generally preferred in outdoor applications or large facilities. Gantry cranes can easily transport loads with a moving crane trolley. Their high durability and flexible structure make them ideal for industrial applications. It is an indispensable solution especially for businesses with heavy material handling requirements.<\/p>\n<p><strong>Overhead Crane<\/strong> High Performance and Efficiency<br \/>An overhead crane is a type of crane that is usually used in large areas and moves on two rails. Overhead cranes offer high performance in moving loads left and right, helping to speed up work processes. Combining the advantages of both overhead cranes and gantry cranes, they can be used in various application areas. Overhead cranes are ideal for increasing productivity, especially in large storage areas and production facilities.<\/p>\n<p><strong>Other Crane Systems<\/strong><br \/>Other types of cranes used in industrial load handling systems include jib cranes, bridge walking groups, transfer trolleys, crane systems, crane trolleys, crane sirens, hoists, gantry crane trolleys, process cranes, gantry cranes, gantry cranes, bridge cranes, well cranes, gantry crane trolleys, single girder cranes, monorail cranes and cantilever cranes. These crane systems increase the efficiency of businesses by offering customized solutions for different application areas and needs.<\/p>\n<p><strong>Conclusion<\/strong><br \/>As a result, industrial load handling solutions such as overhead cranes, gantry cranes and overhead cranes are vital to increase the efficiency of businesses and optimize business processes. Businesses can perform load handling operations safely and effectively by choosing the crane systems suitable for their needs. As Liftkon, we are here to optimize your business processes with high quality crane solutions.<\/p>\n<p>[\/et_pb_text][\/et_pb_column][\/et_pb_row][et_pb_row _builder_version=&#8221;4.24.2&#8243; _module_preset=&#8221;default&#8221; background_color=&#8221;#e8e8e8&#8243; border_radii=&#8221;on|36px|36px|36px|36px&#8221; box_shadow_style=&#8221;preset1&#8243; global_colors_info=&#8221;{}&#8221;][et_pb_column type=&#8221;4_4&#8243; _builder_version=&#8221;4.24.2&#8243; _module_preset=&#8221;default&#8221; global_colors_info=&#8221;{}&#8221;][et_pb_nextend_smart_slider_3 slider=&#8221;4&#8243; _builder_version=&#8221;4.24.2&#8243; _module_preset=&#8221;default&#8221; global_colors_info=&#8221;{}&#8221;][\/et_pb_nextend_smart_slider_3][\/et_pb_column][\/et_pb_row][et_pb_row _builder_version=&#8221;4.24.2&#8243; _module_preset=&#8221;default&#8221; global_colors_info=&#8221;{}&#8221;][et_pb_column type=&#8221;4_4&#8243; _builder_version=&#8221;4.24.2&#8243; _module_preset=&#8221;default&#8221; global_colors_info=&#8221;{}&#8221;][et_pb_button button_text=&#8221;T\u00dcM REFERANSLAR&#8221; button_alignment=&#8221;center&#8221; disabled_on=&#8221;on|on|on&#8221; _builder_version=&#8221;4.24.2&#8243; _module_preset=&#8221;default&#8221; custom_button=&#8221;on&#8221; button_text_size=&#8221;17px&#8221; button_text_color=&#8221;gcid-ea952676-48ac-4e7f-af10-1f0bb8c3be18&#8243; button_border_width=&#8221;1px&#8221; button_border_radius=&#8221;0px&#8221; button_letter_spacing=&#8221;2px&#8221; disabled=&#8221;on&#8221; global_colors_info=&#8221;{%22gcid-ea952676-48ac-4e7f-af10-1f0bb8c3be18%22:%91%22button_text_color%22%93}&#8221; button_letter_spacing__hover_enabled=&#8221;on|desktop&#8221; button_letter_spacing__hover=&#8221;3px&#8221;][\/et_pb_button][\/et_pb_column][\/et_pb_row][\/et_pb_section][et_pb_section fb_built=&#8221;1&#8243; _builder_version=&#8221;4.24.2&#8243; _module_preset=&#8221;default&#8221; use_background_color_gradient=&#8221;on&#8221; background_color_gradient_stops=&#8221;rgba(0,0,0,0.26) 0%|rgba(0,0,0,0.69) 99%&#8221; background_color_gradient_overlays_image=&#8221;on&#8221; background_image=&#8221;https:\/\/liftkon.com.tr\/wp-content\/uploads\/2024\/03\/1733.webp&#8221; background_position=&#8221;top_center&#8221; z_index=&#8221;-4&#8243; max_height=&#8221;800px&#8221; custom_margin=&#8221;0px||0px||true|false&#8221; custom_padding=&#8221;0px||0px||true|false&#8221; global_colors_info=&#8221;{}&#8221; admin_label=&#8221;B\u00f6l\u00fcm&#8221;][et_pb_row column_structure=&#8221;1_2,1_2&#8243; _builder_version=&#8221;4.24.2&#8243; _module_preset=&#8221;default&#8221; custom_margin=&#8221;0px||0px||true|false&#8221; custom_padding=&#8221;0px||0px||true|false&#8221; hover_enabled=&#8221;0&#8243; global_colors_info=&#8221;{}&#8221; sticky_enabled=&#8221;0&#8243;][et_pb_column type=&#8221;1_2&#8243; _builder_version=&#8221;4.27.2&#8243; _module_preset=&#8221;default&#8221; custom_padding=&#8221;197px|20px|20px|20px|false|false&#8221; hover_enabled=&#8221;0&#8243; global_colors_info=&#8221;{}&#8221; background_color=&#8221;#FFFFFF&#8221; sticky_enabled=&#8221;0&#8243;][et_pb_text _builder_version=&#8221;4.27.2&#8243; _module_preset=&#8221;default&#8221; text_text_color=&#8221;#D6D6D6&#8243; text_font_size=&#8221;16px&#8221; header_font=&#8221;Barlow Condensed|800|||||||&#8221; header_text_align=&#8221;left&#8221; header_text_color=&#8221;gcid-ea952676-48ac-4e7f-af10-1f0bb8c3be18&#8243; header_font_size=&#8221;43px&#8221; header_5_font=&#8221;Barlow Condensed|800|||||||&#8221; header_5_text_color=&#8221;gcid-ea952676-48ac-4e7f-af10-1f0bb8c3be18&#8243; header_5_font_size=&#8221;43px&#8221; hover_enabled=&#8221;0&#8243; global_colors_info=&#8221;{%22gcid-ea952676-48ac-4e7f-af10-1f0bb8c3be18%22:%91%22header_text_color%22,%22header_5_text_color%22%93}&#8221; sticky_enabled=&#8221;0&#8243;]<\/p>\n<h5><strong>Innovation and Technology<\/strong><\/h5>\n<p><span style=\"color: #000000;\">The Power of Innovation, the Aesthetics of Technology! Our cranes designed for modern industrial needs create a difference in the sector by combining the latest technology with excellent designs.<\/span><\/p>\n<p>[\/et_pb_text][et_pb_button button_url=&#8221;@ET-DC@eyJkeW5hbWljIjp0cnVlLCJjb250ZW50IjoicG9zdF9saW5rX3VybF9wYWdlIiwic2V0dGluZ3MiOnsicG9zdF9pZCI6IjU4MjcifX0=@&#8221; button_text=&#8221;\u00dcr\u00fcnleri Ke\u015ffet&#8221; _builder_version=&#8221;4.27.2&#8243; _dynamic_attributes=&#8221;button_url&#8221; _module_preset=&#8221;default&#8221; custom_button=&#8221;on&#8221; button_text_color=&#8221;gcid-ea952676-48ac-4e7f-af10-1f0bb8c3be18&#8243; button_border_width=&#8221;1px&#8221; button_border_radius=&#8221;0px&#8221; button_letter_spacing=&#8221;3px&#8221; hover_enabled=&#8221;0&#8243; global_colors_info=&#8221;{%22gcid-ea952676-48ac-4e7f-af10-1f0bb8c3be18%22:%91%22button_text_color%22%93}&#8221; button_letter_spacing__hover_enabled=&#8221;on|hover&#8221; button_letter_spacing__hover=&#8221;8px&#8221; sticky_enabled=&#8221;0&#8243;][\/et_pb_button][\/et_pb_column][et_pb_column type=&#8221;1_2&#8243; _builder_version=&#8221;4.27.2&#8243; _module_preset=&#8221;default&#8221; z_index=&#8221;-1&#8243; global_colors_info=&#8221;{}&#8221;][et_pb_image src=&#8221;https:\/\/liftkon.com.tr\/wp-content\/uploads\/2024\/07\/hook.webp&#8221; title_text=&#8221;hook&#8221; _builder_version=&#8221;4.24.2&#8243; _module_preset=&#8221;default&#8221; z_index=&#8221;-5&#8243; scroll_vertical_motion_enable=&#8221;on&#8221; scroll_vertical_motion=&#8221;0|50|50|100|-5|-2|-2&#8243; z_index_tablet=&#8221;-5&#8243; z_index_phone=&#8221;&#8221; z_index_last_edited=&#8221;on|phone&#8221; scroll_vertical_motion_tablet=&#8221;0|50|50|100|-5|-2|-2&#8243; scroll_vertical_motion_phone=&#8221;0|50|50|100|-10|-5|-3&#8243; scroll_vertical_motion_last_edited=&#8221;on|phone&#8221; global_colors_info=&#8221;{}&#8221;][\/et_pb_image][\/et_pb_column][\/et_pb_row][\/et_pb_section][et_pb_section fb_built=&#8221;1&#8243; _builder_version=&#8221;4.24.2&#8243; _module_preset=&#8221;default&#8221; background_image=&#8221;https:\/\/liftkon.com.tr\/wp-content\/uploads\/2024\/07\/kalite-bg.webp&#8221; parallax=&#8221;on&#8221; z_index=&#8221;-4&#8243; custom_margin=&#8221;0px||0px||true|false&#8221; custom_padding=&#8221;0px||0px||true|false&#8221; background_last_edited=&#8221;on|phone&#8221; parallax_phone=&#8221;off&#8221; background_position_phone=&#8221;top_left&#8221; background_horizontal_offset_phone=&#8221;26%&#8221; background_vertical_offset_phone=&#8221;-17%&#8221; global_colors_info=&#8221;{}&#8221;][et_pb_row column_structure=&#8221;1_2,1_2&#8243; _builder_version=&#8221;4.24.2&#8243; _module_preset=&#8221;default&#8221; custom_margin=&#8221;||||true|false&#8221; custom_padding=&#8221;132px||132px||true|false&#8221; global_colors_info=&#8221;{}&#8221;][et_pb_column type=&#8221;1_2&#8243; _builder_version=&#8221;4.24.2&#8243; _module_preset=&#8221;default&#8221; global_colors_info=&#8221;{}&#8221;][\/et_pb_column][et_pb_column type=&#8221;1_2&#8243; _builder_version=&#8221;4.24.2&#8243; _module_preset=&#8221;default&#8221; custom_padding=&#8221;||||false|false&#8221; global_colors_info=&#8221;{}&#8221;][et_pb_text quote_border_weight=&#8221;23px&#8221; quote_border_color=&#8221;gcid-ea952676-48ac-4e7f-af10-1f0bb8c3be18&#8243; _builder_version=&#8221;4.24.2&#8243; _module_preset=&#8221;default&#8221; text_text_color=&#8221;#474747&#8243; text_font_size=&#8221;16px&#8221; quote_font=&#8221;Barlow Condensed|800|||||||&#8221; quote_text_color=&#8221;#000000&#8243; quote_font_size=&#8221;36px&#8221; header_font=&#8221;Barlow Condensed|800|||||||&#8221; header_text_align=&#8221;left&#8221; header_text_color=&#8221;#000000&#8243; header_font_size=&#8221;43px&#8221; global_colors_info=&#8221;{%22gcid-ea952676-48ac-4e7f-af10-1f0bb8c3be18%22:%91%22quote_border_color%22%93}&#8221;]<\/p>\n<blockquote>\n<p>Quality and Safety<\/p>\n<\/blockquote>\n<p>Trust in Us! We stand out with our quality standards and commitment to safety. Each of our crane products supports you at every stage with durability and safety.<\/p>\n<p>[\/et_pb_text][et_pb_button button_url=\"@ET-DC@eyJkeW5hbWljIjp0cnVlLCJjb250ZW50IjoicG9zdF9saW5rX3VybF9wYWdlIiwic2V0dGluZ3MiOnsicG9zdF9pZCI6IjEwMCJ9fQ==@\" button_text=\"Details\" _builder_version=\"4.24.2\u2033 _dynamic_attributes=\"button_url\" _module_preset=\"default\" custom_button=\"on\" button_text_color=\"#000000\u2033 button_border_width=\"1px\" button_border_radius=\"0px\" button_letter_spacing=\"3px\" global_colors_info=\"{}\" button_letter_spacing__hover_enabled=\"on|hover\" button_letter_spacing__hover=\"8px\"][\/et_pb_button][\/et_pb_column][\/et_pb_row][\/et_pb_section]<\/p>","protected":false},"excerpt":{"rendered":"<p>Overhead Crane, Overhead Crane, Gantry Crane, Jib Crane Reliable overhead crane, overhead crane, gantry crane and jib crane manufacturing Liftkon increases the load carrying capacity of your business with high quality overhead crane and overhead crane solutions. Choose us for reliable crane systems and after-sales support.  Designed for your industrial lifting needs, durable [...]<\/p>","protected":false},"author":1,"featured_media":0,"parent":0,"menu_order":0,"comment_status":"closed","ping_status":"open","template":"","meta":{"_et_pb_use_builder":"on","_et_pb_old_content":"<!-- wp:divi\/placeholder \/-->","_et_gb_content_width":"","footnotes":""},"class_list":["post-23","page","type-page","status-publish","hentry"],"_links":{"self":[{"href":"https:\/\/liftkon.com.tr\/en\/wp-json\/wp\/v2\/pages\/23","targetHints":{"allow":["GET"]}}],"collection":[{"href":"https:\/\/liftkon.com.tr\/en\/wp-json\/wp\/v2\/pages"}],"about":[{"href":"https:\/\/liftkon.com.tr\/en\/wp-json\/wp\/v2\/types\/page"}],"author":[{"embeddable":true,"href":"https:\/\/liftkon.com.tr\/en\/wp-json\/wp\/v2\/users\/1"}],"replies":[{"embeddable":true,"href":"https:\/\/liftkon.com.tr\/en\/wp-json\/wp\/v2\/comments?post=23"}],"version-history":[{"count":61,"href":"https:\/\/liftkon.com.tr\/en\/wp-json\/wp\/v2\/pages\/23\/revisions"}],"predecessor-version":[{"id":6265,"href":"https:\/\/liftkon.com.tr\/en\/wp-json\/wp\/v2\/pages\/23\/revisions\/6265"}],"wp:attachment":[{"href":"https:\/\/liftkon.com.tr\/en\/wp-json\/wp\/v2\/media?parent=23"}],"curies":[{"name":"wp","href":"https:\/\/api.w.org\/{rel}","templated":true}]}}